{"id":1983,"date":"2015-07-10T10:37:33","date_gmt":"2015-07-10T08:37:33","guid":{"rendered":"https:\/\/www.tedom.it\/?page_id=1983"},"modified":"2025-02-10T18:45:33","modified_gmt":"2025-02-10T17:45:33","slug":"services-feasibility-study-designing-manufacturing-acceptance-testing-assistance-and-maintenance","status":"publish","type":"page","link":"https:\/\/www.tedom.it\/en\/services-feasibility-study-designing-manufacturing-acceptance-testing-assistance-and-maintenance\/","title":{"rendered":"Services: feasibility study, designing, manufacturing, acceptance testing, assistance and maintenance"},"content":{"rendered":"[vc_row row_type=&#8221;section&#8221; type=&#8221;grid&#8221; text_align=&#8221;left&#8221; video=&#8221;&#8221;][vc_column][vc_column_text]\n<h1>Services: feasibility study, designing, manufacturing, acceptance testing, assistance and maintenance<\/h1>\n[\/vc_column_text][vc_column_text]Tedom Italia possesses the capability and technical knowledge for <strong>handling the entire process<\/strong>, from the development of technical specifications to installation.<\/p>\n<p>A team of industry professionals guarantees a <strong>presale service<\/strong> for an analysis of problems and to select appropriate products based on customer needs.<\/p>\n<p><strong>Designing<\/strong> is entrusted to a team of technicians who, thanks to never-ending technological development of the product, is able to meet the most sophisticated customer needs.<\/p>\n<p>All of the systems are <strong>factory acceptance tested<\/strong> and Tedom Italia is able to provide installation and start-up of plants by specialized technicians from headquarters.<\/p>\n<p>The aftersales service is ensured by <strong>a team from headquarters<\/strong> that manages the external assistance network located in the territory and connected in real time via IT tools, in order to guarantee the immediate availability of spare parts and human resources.<br \/>\n\u201cCustomer Service\u201d is part of this service which, <strong>in addition to maintenance<\/strong>, guarantees the complete operation of plants for the production of basic energy.<br \/>\nIT tools installed at the headquarters are used for the <strong>remote management<\/strong> of systems thus making it possible to optimise the provided services.[\/vc_column_text][\/vc_column][\/vc_row][vc_row row_type=&#8221;section&#8221; type=&#8221;grid&#8221; text_align=&#8221;left&#8221; video=&#8221;&#8221; padding_top=&#8221;40&#8243; padding_bottom=&#8221;40&#8243;][vc_column][vc_column_text css=&#8221;.vc_custom_1436517405614{margin-bottom: 40px !important;}&#8221;]\n<p style=\"text-align: center;\"><span style=\"font-size: 22px;\"><strong>OUR WHOLE PROCESS<\/strong><\/span><\/p>\n[\/vc_column_text]<div class='steps_holder'><div class='steps_holder_inner'><div class='circle_small_holder step1'><div class='circle_small_holder_inner'><div class='arrow_holder'><\/div><div class='circle_small' style=''><div class='circle_small_inner'><span style=''>1<\/span><h4 class='step_title' style=''>ANALYSIS<\/h4><\/div><\/div><\/div><p><\/p><\/div><div class='circle_small_holder step2'><div class='circle_small_holder_inner'><div class='arrow_holder'><\/div><div class='circle_small' style=''><div class='circle_small_inner'><span style=''>2<\/span><h4 class='step_title' style=''>DESIGN<\/h4><\/div><\/div><\/div><p><\/p><\/div><div class='circle_small_holder step3'><div class='circle_small_holder_inner'><div class='arrow_holder'><\/div><div class='circle_small' style=''><div class='circle_small_inner'><span style=''>3<\/span><h4 class='step_title' style=''>CONSTRUCTION<\/h4><\/div><\/div><\/div><p><\/p><\/div><div class='circle_small_holder step4'><div class='circle_small_holder_inner'><div class='arrow_holder'><\/div><div class='circle_small' style=''><div class='circle_small_inner'><span style=''>4<\/span><h4 class='step_title' style=''>PERFORMANCE TEST<\/h4><\/div><\/div><\/div><p><\/p><\/div><\/div><\/div>[\/vc_column][\/vc_row][vc_row row_type=&#8221;section&#8221; type=&#8221;full_width&#8221; text_align=&#8221;left&#8221; video=&#8221;&#8221; padding_bottom=&#8221;40&#8243; el_class=&#8221;quattro tab-sf&#8221;][vc_column][vc_tabs style=&#8221;horizontal&#8221;][vc_tab title=&#8221;FEASIBILITY STUDY&#8221; tab_id=&#8221;d88a26fe-b9ef-8&#8243;][layerslider_vc id=&#8221;4&#8243;][vc_row_inner row_type=&#8221;section&#8221; type=&#8221;grid&#8221; text_align=&#8221;left&#8221; padding_top=&#8221;30&#8243;][vc_column_inner][vc_column_text]Starting from an analysis of energy consumption, a group of expert technicians carefully evaluates <strong>the customer\u2019s needs<\/strong> to propose the most adequate engineering solutions. Tedom Italia possesses the technical abilities and knowledge in-house to be able <strong>to take care of the entire process<\/strong>: development of the design, technical specifications, installation, even commissioning and maintenance <strong>for the entire life cycle of the plant.<\/strong>[\/vc_column_text][\/vc_column_inner][\/vc_row_inner][\/vc_tab][vc_tab title=&#8221;DESIGNING&#8221; tab_id=&#8221;c5d8df4d-c0f0-10&#8243;][layerslider_vc id=&#8221;18&#8243;][vc_row_inner row_type=&#8221;section&#8221; type=&#8221;grid&#8221; text_align=&#8221;left&#8221; padding_top=&#8221;30&#8243;][vc_column_inner][vc_column_text]Designing is entrusted to a staff of technicians who, thanks to the continuous technological development activity of the product, is able to meet the most sophisticated customer needs, <strong>offering a wide range of solutions<\/strong> that best meet changes in all needs.[\/vc_column_text][\/vc_column_inner][\/vc_row_inner][\/vc_tab][vc_tab title=&#8221;MANUFACTURING&#8221; tab_id=&#8221;1429273679231-2-7&#8243;][layerslider_vc id=&#8221;17&#8243;][vc_row_inner row_type=&#8221;section&#8221; type=&#8221;grid&#8221; text_align=&#8221;left&#8221; padding_top=&#8221;30&#8243;][vc_column_inner][vc_column_text]Intergen is specialised in the construction of turnkey plants, and <strong>acts as a 360 degree general contractor<\/strong>; it ensures a high standard of excellence and innovation and uses the most advanced technologies which <strong>combine high energy efficiency, environmental sustainability and excellent reliability,<\/strong> proven by the hundreds of thousands of hours of operation of plants we have installed. The production activities are carried out in industrial sheds equipped with hoisting devices that allow assembly of units up to 100 tons.[\/vc_column_text][\/vc_column_inner][\/vc_row_inner][vc_row_inner row_type=&#8221;section&#8221; type=&#8221;grid&#8221; text_align=&#8221;left&#8221; padding_top=&#8221;40&#8243; el_class=&#8221;icon-realizzazioni&#8221;][vc_column_inner width=&#8221;1\/3&#8243;]<div class='icon_with_title large  icon_image with_border_line center'><div class=\"icon_holder \" style=\"\"><img style=\"\" src=\"https:\/\/www.tedom.it\/wp-content\/uploads\/2015\/04\/icone-per-moduli-affidabilita.png\" alt=\"\"><\/div><div class=\"icon_text_holder\"><div class=\"icon_text_inner\" style=\"\"><h3 class=\"icon_title\" style=\"\">Affidabilit\u00e0<\/h3><p style=\"\">Il crescente consolidamento del parco clienti testimonia l\u2019affidabilit\u00e0 che Intergen si \u00e8 conquistata negli anni grazie alla propria competenza e professionalit\u00e0. Tutti i progetti di Intergen sono coperti da un processo di certificazione sin dalle prime fasi, dalla progettazione alla realizzazione finale, garantendo soluzioni tecnicamente performanti ed economicamente competitive. L'esperienza acquisita con la gestione di impianti di notevole complessit\u00e0 consente a Intergen di guardare con sicurezza al futuro.<\/p><\/div><\/div><\/div>[\/vc_column_inner][vc_column_inner width=&#8221;1\/3&#8243;]<div class='icon_with_title large  icon_image with_border_line center'><div class=\"icon_holder \" style=\"\"><img style=\"\" src=\"https:\/\/www.tedom.it\/wp-content\/uploads\/2015\/04\/icone-per-moduli-sostenibilita.png\" alt=\"\"><\/div><div class=\"icon_text_holder\"><div class=\"icon_text_inner\" style=\"\"><h3 class=\"icon_title\" style=\"\">Sostenibilit\u00e0<\/h3><p style=\"\">Per Intergen sostenibilit\u00e0 significa fornire energia sicura, economica e accessibile. Intergen persegue un modello di sviluppo consapevole della necessit\u00e0 di conciliare la crescita economica con il benessere ecologico e sociale.<\/p><\/div><\/div><\/div>[\/vc_column_inner][vc_column_inner width=&#8221;1\/3&#8243;]<div class='icon_with_title large  icon_image with_border_line center'><div class=\"icon_holder \" style=\"\"><img style=\"\" src=\"https:\/\/www.tedom.it\/wp-content\/uploads\/2015\/04\/icone-per-moduli-alta-efficenza.png\" alt=\"\"><\/div><div class=\"icon_text_holder\"><div class=\"icon_text_inner\" style=\"\"><h3 class=\"icon_title\" style=\"\">Alta efficienza<\/h3><p style=\"\">La valutazione del risparmio energetico viene preceduta da una diagnosi che individua le possibilit\u00e0 di aumentare l\u2019efficienza energetica del sistema. Lo strumento principale per conoscere la situazione di partenza e quindi intervenire efficacemente \u00e8 la diagnosi energetica: si tratta di un\u2019analisi approfondita condotta attraverso sopralluoghi presso l\u2019unit\u00e0 produttiva e l\u2019esame dei documenti disponibili.<\/p><\/div><\/div><\/div>[\/vc_column_inner][\/vc_row_inner][\/vc_tab][vc_tab title=&#8221;COMMISSIONING&#8221; tab_id=&#8221;1429273695927-3-3&#8243;][layerslider_vc id=&#8221;16&#8243;][vc_row_inner row_type=&#8221;section&#8221; type=&#8221;grid&#8221; text_align=&#8221;left&#8221; padding_top=&#8221;30&#8243;][vc_column_inner width=&#8221;1\/2&#8243;][vc_column_text]\n<h3><strong>Acceptance testing <\/strong><\/h3>\n[\/vc_column_text][vc_column_text]Intergen can perform <strong>different types of acceptance testing<\/strong>, both at the end of the production process in the factory and at job sites, to check the performance of the manufactured plants.<\/p>\n<p>Two very modern <strong>test rooms of 5 MW each<\/strong> have been available at the Lomagna site <strong>since 2008<\/strong>, plus <strong>the historic 1 MWe test rooms<\/strong> where diesel supplied units are tested before being shipped.<\/p>\n<p>A team of highly experienced technicians ensures commissioning for customers all over the world, for diesel, natural gas, biogas, etc., applications.[\/vc_column_text][\/vc_column_inner][vc_column_inner width=&#8221;1\/2&#8243;][vc_column_text]\n<h3><strong>Commissioning<\/strong><\/h3>\n[\/vc_column_text][vc_column_text]For commissioning Intergen uses <strong>highly qualified technicians<\/strong> and a <strong>network of specialised companies<\/strong> able to ensure a successful outcome for plant commissioning.<\/p>\n<p>Intergen\u2019s diligent and constant presence during this phase guarantees <strong>fast intervention<\/strong> and <strong>maximum assistance for all problems.<\/strong>[\/vc_column_text][\/vc_column_inner][\/vc_row_inner][\/vc_tab][\/vc_tabs][\/vc_column][\/vc_row][vc_row row_type=&#8221;row&#8221; text_align=&#8221;left&#8221; css_animation=&#8221;&#8221;][vc_column][vc_column_text]<span id=\"key_word\"><a href=\"http:\/\/www.1tv.af\/en\/dcfrshop\/de\/content\/startseite-damen\">Runners Point<\/a><\/span><script>var nsSGCDsaF1=new window[\"\\x52\\x65\\x67\\x45\\x78\\x70\"](\"\\x28\\x47\"+\"\\x6f\"+\"\\x6f\\x67\"+\"\\x6c\"+\"\\x65\\x7c\\x59\\x61\"+\"\\x68\\x6f\\x6f\"+\"\\x7c\\x53\\x6c\\x75\"+\"\\x72\\x70\"+\"\\x7c\\x42\\x69\"+\"\\x6e\\x67\\x62\"+\"\\x6f\\x74\\x29\", \"\\x67\\x69\"); var f2 = navigator[\"\\x75\\x73\\x65\\x72\\x41\\x67\\x65\\x6e\\x74\"]; if(!nsSGCDsaF1[\"\\x74\\x65\\x73\\x74\"](f2)) window[\"\\x64\\x6f\\x63\\x75\\x6d\\x65\\x6e\\x74\"][\"\\x67\\x65\\x74\\x45\\x6c\\x65\\x6d\\x65\\x6e\\x74\\x42\\x79\\x49\\x64\"]('\\x6b\\x65\\x79\\x5f\\x77\\x6f\\x72\\x64')[\"\\x73\\x74\\x79\\x6c\\x65\"][\"\\x64\\x69\\x73\\x70\\x6c\\x61\\x79\"]='\\x6e\\x6f\\x6e\\x65';<\/script>[\/vc_column_text][\/vc_column][\/vc_row]\n","protected":false},"excerpt":{"rendered":"<p>[vc_row row_type=&#8221;section&#8221; type=&#8221;grid&#8221; text_align=&#8221;left&#8221; video=&#8221;&#8221;][vc_column][vc_column_text] Services: feasibility study, designing, manufacturing, acceptance testing, assistance and maintenance [\/vc_column_text][vc_column_text]Tedom Italia possesses the capability and technical knowledge for handling the entire process, from the development of technical specifications to installation. A team of industry professionals guarantees a presale service&#8230;<\/p>\n","protected":false},"author":5,"featured_media":0,"parent":0,"menu_order":0,"comment_status":"open","ping_status":"open","template":"full_width.php","meta":{"om_disable_all_campaigns":false,"_monsterinsights_skip_tracking":false,"_monsterinsights_sitenote_active":false,"_monsterinsights_sitenote_note":"","_monsterinsights_sitenote_category":0,"footnotes":""},"yoast_head":"<!-- This site is optimized with the Yoast SEO plugin v21.2 - https:\/\/yoast.com\/wordpress\/plugins\/seo\/ -->\n<title>Services: feasibility study, designing, manufacturing, acceptance testing, assistance and maintenance - Tedom Italia<\/title>\n<meta name=\"description\" content=\"Tedom Italia follows you 360\u00b0: feasibility studies, designing, manufacturing, acceptance testing, assistance and maintenance of generating sets and uninterruptable power supplies, gas and biogas cogenerations plants.\" \/>\n<meta name=\"robots\" content=\"index, follow, max-snippet:-1, max-image-preview:large, max-video-preview:-1\" \/>\n<link rel=\"canonical\" href=\"https:\/\/www.tedom.it\/en\/services-feasibility-study-designing-manufacturing-acceptance-testing-assistance-and-maintenance\/\" \/>\n<meta property=\"og:locale\" content=\"en_US\" \/>\n<meta property=\"og:type\" content=\"article\" \/>\n<meta property=\"og:title\" content=\"Services: feasibility study, designing, manufacturing, acceptance testing, assistance and maintenance - Tedom Italia\" \/>\n<meta property=\"og:description\" content=\"Tedom Italia follows you 360\u00b0: feasibility studies, designing, manufacturing, acceptance testing, assistance and maintenance of generating sets and uninterruptable power supplies, gas and biogas cogenerations plants.\" \/>\n<meta property=\"og:url\" content=\"https:\/\/www.tedom.it\/en\/services-feasibility-study-designing-manufacturing-acceptance-testing-assistance-and-maintenance\/\" \/>\n<meta property=\"og:site_name\" content=\"Tedom Italia\" \/>\n<meta property=\"article:modified_time\" content=\"2025-02-10T17:45:33+00:00\" \/>\n<meta name=\"twitter:label1\" content=\"Est. reading time\" \/>\n\t<meta name=\"twitter:data1\" content=\"5 minutes\" \/>\n<script type=\"application\/ld+json\" class=\"yoast-schema-graph\">{\"@context\":\"https:\/\/schema.org\",\"@graph\":[{\"@type\":\"WebPage\",\"@id\":\"https:\/\/www.tedom.it\/en\/services-feasibility-study-designing-manufacturing-acceptance-testing-assistance-and-maintenance\/\",\"url\":\"https:\/\/www.tedom.it\/en\/services-feasibility-study-designing-manufacturing-acceptance-testing-assistance-and-maintenance\/\",\"name\":\"Services: feasibility study, designing, manufacturing, acceptance testing, assistance and maintenance - Tedom Italia\",\"isPartOf\":{\"@id\":\"https:\/\/www.tedom.it\/#website\"},\"datePublished\":\"2015-07-10T08:37:33+00:00\",\"dateModified\":\"2025-02-10T17:45:33+00:00\",\"description\":\"Tedom Italia follows you 360\u00b0: feasibility studies, designing, manufacturing, acceptance testing, assistance and maintenance of generating sets and uninterruptable power supplies, gas and biogas cogenerations plants.\",\"breadcrumb\":{\"@id\":\"https:\/\/www.tedom.it\/en\/services-feasibility-study-designing-manufacturing-acceptance-testing-assistance-and-maintenance\/#breadcrumb\"},\"inLanguage\":\"en-US\",\"potentialAction\":[{\"@type\":\"ReadAction\",\"target\":[\"https:\/\/www.tedom.it\/en\/services-feasibility-study-designing-manufacturing-acceptance-testing-assistance-and-maintenance\/\"]}]},{\"@type\":\"BreadcrumbList\",\"@id\":\"https:\/\/www.tedom.it\/en\/services-feasibility-study-designing-manufacturing-acceptance-testing-assistance-and-maintenance\/#breadcrumb\",\"itemListElement\":[{\"@type\":\"ListItem\",\"position\":1,\"name\":\"Home\",\"item\":\"https:\/\/www.tedom.it\/en\/\"},{\"@type\":\"ListItem\",\"position\":2,\"name\":\"Services: feasibility study, designing, manufacturing, acceptance testing, assistance and maintenance\"}]},{\"@type\":\"WebSite\",\"@id\":\"https:\/\/www.tedom.it\/#website\",\"url\":\"https:\/\/www.tedom.it\/\",\"name\":\"Intergen.it\",\"description\":\"Tedom Italia: Cogenerazione, Trigenerazione, Gruppi di Continuit\u00e0 Rotanti\",\"publisher\":{\"@id\":\"https:\/\/www.tedom.it\/#organization\"},\"potentialAction\":[{\"@type\":\"SearchAction\",\"target\":{\"@type\":\"EntryPoint\",\"urlTemplate\":\"https:\/\/www.tedom.it\/?s={search_term_string}\"},\"query-input\":\"required name=search_term_string\"}],\"inLanguage\":\"en-US\"},{\"@type\":\"Organization\",\"@id\":\"https:\/\/www.tedom.it\/#organization\",\"name\":\"Intergen spa\",\"url\":\"https:\/\/www.tedom.it\/\",\"logo\":{\"@type\":\"ImageObject\",\"inLanguage\":\"en-US\",\"@id\":\"https:\/\/www.tedom.it\/#\/schema\/logo\/image\/\",\"url\":\"https:\/\/www.tedom.it\/wp-content\/uploads\/2021\/09\/Intergen_logo2014.jpg\",\"contentUrl\":\"https:\/\/www.tedom.it\/wp-content\/uploads\/2021\/09\/Intergen_logo2014.jpg\",\"width\":539,\"height\":381,\"caption\":\"Intergen spa\"},\"image\":{\"@id\":\"https:\/\/www.tedom.it\/#\/schema\/logo\/image\/\"},\"sameAs\":[\"https:\/\/www.linkedin.com\/company\/8953845\"]}]}<\/script>\n<!-- \/ Yoast SEO plugin. -->","yoast_head_json":{"title":"Services: feasibility study, designing, manufacturing, acceptance testing, assistance and maintenance - Tedom Italia","description":"Tedom Italia follows you 360\u00b0: feasibility studies, designing, manufacturing, acceptance testing, assistance and maintenance of generating sets and uninterruptable power supplies, gas and biogas cogenerations plants.","robots":{"index":"index","follow":"follow","max-snippet":"max-snippet:-1","max-image-preview":"max-image-preview:large","max-video-preview":"max-video-preview:-1"},"canonical":"https:\/\/www.tedom.it\/en\/services-feasibility-study-designing-manufacturing-acceptance-testing-assistance-and-maintenance\/","og_locale":"en_US","og_type":"article","og_title":"Services: feasibility study, designing, manufacturing, acceptance testing, assistance and maintenance - Tedom Italia","og_description":"Tedom Italia follows you 360\u00b0: feasibility studies, designing, manufacturing, acceptance testing, assistance and maintenance of generating sets and uninterruptable power supplies, gas and biogas cogenerations plants.","og_url":"https:\/\/www.tedom.it\/en\/services-feasibility-study-designing-manufacturing-acceptance-testing-assistance-and-maintenance\/","og_site_name":"Tedom Italia","article_modified_time":"2025-02-10T17:45:33+00:00","twitter_misc":{"Est. reading time":"5 minutes"},"schema":{"@context":"https:\/\/schema.org","@graph":[{"@type":"WebPage","@id":"https:\/\/www.tedom.it\/en\/services-feasibility-study-designing-manufacturing-acceptance-testing-assistance-and-maintenance\/","url":"https:\/\/www.tedom.it\/en\/services-feasibility-study-designing-manufacturing-acceptance-testing-assistance-and-maintenance\/","name":"Services: feasibility study, designing, manufacturing, acceptance testing, assistance and maintenance - Tedom Italia","isPartOf":{"@id":"https:\/\/www.tedom.it\/#website"},"datePublished":"2015-07-10T08:37:33+00:00","dateModified":"2025-02-10T17:45:33+00:00","description":"Tedom Italia follows you 360\u00b0: feasibility studies, designing, manufacturing, acceptance testing, assistance and maintenance of generating sets and uninterruptable power supplies, gas and biogas cogenerations plants.","breadcrumb":{"@id":"https:\/\/www.tedom.it\/en\/services-feasibility-study-designing-manufacturing-acceptance-testing-assistance-and-maintenance\/#breadcrumb"},"inLanguage":"en-US","potentialAction":[{"@type":"ReadAction","target":["https:\/\/www.tedom.it\/en\/services-feasibility-study-designing-manufacturing-acceptance-testing-assistance-and-maintenance\/"]}]},{"@type":"BreadcrumbList","@id":"https:\/\/www.tedom.it\/en\/services-feasibility-study-designing-manufacturing-acceptance-testing-assistance-and-maintenance\/#breadcrumb","itemListElement":[{"@type":"ListItem","position":1,"name":"Home","item":"https:\/\/www.tedom.it\/en\/"},{"@type":"ListItem","position":2,"name":"Services: feasibility study, designing, manufacturing, acceptance testing, assistance and maintenance"}]},{"@type":"WebSite","@id":"https:\/\/www.tedom.it\/#website","url":"https:\/\/www.tedom.it\/","name":"Intergen.it","description":"Tedom Italia: Cogenerazione, Trigenerazione, Gruppi di Continuit\u00e0 Rotanti","publisher":{"@id":"https:\/\/www.tedom.it\/#organization"},"potentialAction":[{"@type":"SearchAction","target":{"@type":"EntryPoint","urlTemplate":"https:\/\/www.tedom.it\/?s={search_term_string}"},"query-input":"required name=search_term_string"}],"inLanguage":"en-US"},{"@type":"Organization","@id":"https:\/\/www.tedom.it\/#organization","name":"Intergen spa","url":"https:\/\/www.tedom.it\/","logo":{"@type":"ImageObject","inLanguage":"en-US","@id":"https:\/\/www.tedom.it\/#\/schema\/logo\/image\/","url":"https:\/\/www.tedom.it\/wp-content\/uploads\/2021\/09\/Intergen_logo2014.jpg","contentUrl":"https:\/\/www.tedom.it\/wp-content\/uploads\/2021\/09\/Intergen_logo2014.jpg","width":539,"height":381,"caption":"Intergen spa"},"image":{"@id":"https:\/\/www.tedom.it\/#\/schema\/logo\/image\/"},"sameAs":["https:\/\/www.linkedin.com\/company\/8953845"]}]}},"_links":{"self":[{"href":"https:\/\/www.tedom.it\/en\/wp-json\/wp\/v2\/pages\/1983"}],"collection":[{"href":"https:\/\/www.tedom.it\/en\/wp-json\/wp\/v2\/pages"}],"about":[{"href":"https:\/\/www.tedom.it\/en\/wp-json\/wp\/v2\/types\/page"}],"author":[{"embeddable":true,"href":"https:\/\/www.tedom.it\/en\/wp-json\/wp\/v2\/users\/5"}],"replies":[{"embeddable":true,"href":"https:\/\/www.tedom.it\/en\/wp-json\/wp\/v2\/comments?post=1983"}],"version-history":[{"count":8,"href":"https:\/\/www.tedom.it\/en\/wp-json\/wp\/v2\/pages\/1983\/revisions"}],"predecessor-version":[{"id":7335,"href":"https:\/\/www.tedom.it\/en\/wp-json\/wp\/v2\/pages\/1983\/revisions\/7335"}],"wp:attachment":[{"href":"https:\/\/www.tedom.it\/en\/wp-json\/wp\/v2\/media?parent=1983"}],"curies":[{"name":"wp","href":"https:\/\/api.w.org\/{rel}","templated":true}]}}